{"id":14,"date":"2026-03-24T12:03:02","date_gmt":"2026-03-24T11:03:02","guid":{"rendered":"https:\/\/25hasanr.bplaced.net\/?page_id=14"},"modified":"2026-04-09T15:12:51","modified_gmt":"2026-04-09T13:12:51","slug":"home","status":"publish","type":"page","link":"https:\/\/25hasanr.bplaced.net\/","title":{"rendered":"Home"},"content":{"rendered":"\n<p>Willkommen bei Cuchina Roberto Restaurant<\/p>\n\n\n\n<p>Willkommen in unserem italienischen Restaurant. Erleben Sie die authentische K\u00fcche Italiens mitten bei uns. Bei uns verbinden sich traditionelle Rezepte mit frischen Zutaten und echter Leidenschaft f\u00fcr gutes Essen. Wir legen gro\u00dfen Wert auf Qualit\u00e4t und Originalit\u00e4t, weshalb viele unserer Zutaten direkt aus Italien stammen und unsere Gerichte mit viel Liebe zum Detail zubereitet werden.<\/p>\n\n\n\n<p>Freuen Sie sich auf hausgemachte Pasta, knusprige Pizza aus dem Steinofen sowie feine Fleisch- und Fischgerichte. Dazu servieren wir eine erlesene Auswahl italienischer Weine und k\u00f6stliche Desserts, die Ihren Besuch perfekt abrunden.<\/p>\n\n\n\n<p>Genie\u00dfen Sie eine warme und einladende Atmosph\u00e4re, die sowohl f\u00fcr einen gem\u00fctlichen Abend zu zweit als auch f\u00fcr gesellige Treffen mit Freunden oder besondere Anl\u00e4sse ideal ist. Lassen Sie sich von uns auf eine kulinarische Reise durch Italien entf\u00fchren und verbringen Sie unvergessliche Momente bei gutem Essen und herzlicher Gastfreundschaft.<\/p>\n\n\n\n<p><\/p>\n","protected":false},"excerpt":{"rendered":"<p>Willkommen bei Cuchina Roberto Restaurant Willkommen in unserem italienischen Restaurant. Erleben Sie die authentische K\u00fcche Italiens mitten bei uns. Bei uns verbinden sich traditionelle Rezepte mit frischen Zutaten und echter Leidenschaft f\u00fcr gutes Essen. Wir legen gro\u00dfen Wert auf Qualit\u00e4t und Originalit\u00e4t, weshalb viele unserer Zutaten direkt aus Italien stammen und unsere Gerichte mit viel [&hellip;]<\/p>\n","protected":false},"author":1,"featured_media":0,"parent":0,"menu_order":0,"comment_status":"closed","ping_status":"closed","template":"","meta":{"footnotes":""},"class_list":["post-14","page","type-page","status-publish","hentry"],"_links":{"self":[{"href":"https:\/\/25hasanr.bplaced.net\/index.php?rest_route=\/wp\/v2\/pages\/14","targetHints":{"allow":["GET"]}}],"collection":[{"href":"https:\/\/25hasanr.bplaced.net\/index.php?rest_route=\/wp\/v2\/pages"}],"about":[{"href":"https:\/\/25hasanr.bplaced.net\/index.php?rest_route=\/wp\/v2\/types\/page"}],"author":[{"embeddable":true,"href":"https:\/\/25hasanr.bplaced.net\/index.php?rest_route=\/wp\/v2\/users\/1"}],"replies":[{"embeddable":true,"href":"https:\/\/25hasanr.bplaced.net\/index.php?rest_route=%2Fwp%2Fv2%2Fcomments&post=14"}],"version-history":[{"count":2,"href":"https:\/\/25hasanr.bplaced.net\/index.php?rest_route=\/wp\/v2\/pages\/14\/revisions"}],"predecessor-version":[{"id":52,"href":"https:\/\/25hasanr.bplaced.net\/index.php?rest_route=\/wp\/v2\/pages\/14\/revisions\/52"}],"wp:attachment":[{"href":"https:\/\/25hasanr.bplaced.net\/index.php?rest_route=%2Fwp%2Fv2%2Fmedia&parent=14"}],"curies":[{"name":"wp","href":"https:\/\/api.w.org\/{rel}","templated":true}]}}