{"id":11,"date":"2026-03-24T11:59:30","date_gmt":"2026-03-24T10:59:30","guid":{"rendered":"https:\/\/25hasanr.bplaced.net\/?page_id=11"},"modified":"2026-03-24T11:59:30","modified_gmt":"2026-03-24T10:59:30","slug":"impressum","status":"publish","type":"page","link":"https:\/\/25hasanr.bplaced.net\/?page_id=11","title":{"rendered":"Impressum"},"content":{"rendered":"\n<p>Dies ist eine \u00dcbungswebsite der HAK\/HAS Hall in Tirol, erstellt von Ranim Hasan<\/p>\n\n\n\n<p>Cucina Roberto<br>Restaurant<\/p>\n\n\n\n<p>Kochen ist unsere Leidenschaft.<br>Besuchen Sie uns in unserem Restaurant in Innsbruck.<\/p>\n\n\n\n<p>Roberto Costi<br>6020 Innsbruck<br>Hauptstra\u00dfe 2<br>\u00d6sterreich<\/p>\n\n\n\n<p>Telefon: +43 677 677 677<br>E-Mail: cucinaroberto@restaurant.at<\/p>\n\n\n\n<p>UID-Nr: ATU12345678<br>Mitglied der WK\u00d6<br>Gewerbeordnung: www.ris.bka.gv.at<br>Bezirkshauptmannschaft Innsbruck<\/p>\n\n\n\n<p>Verbraucher*innen haben die M\u00f6glichkeit,<br>Beschwerden an die Online-Streitbeilegungsplattform der EU zu richten:<br>http:\/\/ec.europa.eu\/odr.<br>Sie k\u00f6nnen allf\u00e4llige Beschwerde auch an die oben angegebene E-Mail-Adresse richten.<\/p>\n","protected":false},"excerpt":{"rendered":"<p>Dies ist eine \u00dcbungswebsite der HAK\/HAS Hall in Tirol, erstellt von Ranim Hasan Cucina RobertoRestaurant Kochen ist unsere Leidenschaft.Besuchen Sie uns in unserem Restaurant in Innsbruck. Roberto Costi6020 InnsbruckHauptstra\u00dfe 2\u00d6sterreich Telefon: +43 677 677 677E-Mail: cucinaroberto@restaurant.at UID-Nr: ATU12345678Mitglied der WK\u00d6Gewerbeordnung: www.ris.bka.gv.atBezirkshauptmannschaft Innsbruck Verbraucher*innen haben die M\u00f6glichkeit,Beschwerden an die Online-Streitbeilegungsplattform der EU zu richten:http:\/\/ec.europa.eu\/odr.Sie k\u00f6nnen allf\u00e4llige [&hellip;]<\/p>\n","protected":false},"author":1,"featured_media":0,"parent":0,"menu_order":0,"comment_status":"closed","ping_status":"closed","template":"","meta":{"footnotes":""},"class_list":["post-11","page","type-page","status-publish","hentry"],"_links":{"self":[{"href":"https:\/\/25hasanr.bplaced.net\/index.php?rest_route=\/wp\/v2\/pages\/11","targetHints":{"allow":["GET"]}}],"collection":[{"href":"https:\/\/25hasanr.bplaced.net\/index.php?rest_route=\/wp\/v2\/pages"}],"about":[{"href":"https:\/\/25hasanr.bplaced.net\/index.php?rest_route=\/wp\/v2\/types\/page"}],"author":[{"embeddable":true,"href":"https:\/\/25hasanr.bplaced.net\/index.php?rest_route=\/wp\/v2\/users\/1"}],"replies":[{"embeddable":true,"href":"https:\/\/25hasanr.bplaced.net\/index.php?rest_route=%2Fwp%2Fv2%2Fcomments&post=11"}],"version-history":[{"count":1,"href":"https:\/\/25hasanr.bplaced.net\/index.php?rest_route=\/wp\/v2\/pages\/11\/revisions"}],"predecessor-version":[{"id":12,"href":"https:\/\/25hasanr.bplaced.net\/index.php?rest_route=\/wp\/v2\/pages\/11\/revisions\/12"}],"wp:attachment":[{"href":"https:\/\/25hasanr.bplaced.net\/index.php?rest_route=%2Fwp%2Fv2%2Fmedia&parent=11"}],"curies":[{"name":"wp","href":"https:\/\/api.w.org\/{rel}","templated":true}]}}